{"id":312,"date":"2017-03-23T01:04:45","date_gmt":"2017-03-23T01:04:45","guid":{"rendered":"https:\/\/cojep.com\/?page_id=312"},"modified":"2022-06-21T23:06:49","modified_gmt":"2022-06-21T23:06:49","slug":"fondateur","status":"publish","type":"page","link":"https:\/\/cojep.com\/tr\/fondateur\/","title":{"rendered":"Kurucumuz"},"content":{"rendered":"<div data-id=\"initial-content-section\" data-export-id=\"initial-content-section\" data-label=\"Initial Content\" id=\"initial-content-section\" class=\"content-section content-section-spacing\">\r\n<div class=\"gridContainer\">\r\n<div class=\"row\">\r\n<div class=\"col-xs-12 col-sm-12\">\r\n<p style=\"text-align: justify;\">AL\u0130 GED\u0130KO\u011eLU est n\u00e9 en 1965 \u00e0 Antalya en Turquie.\r\nIl s\u2019est install\u00e9 en France \u00e0 partir de 1983.<\/p>\r\n<p style=\"text-align: justify;\">Ali GED\u0130KO\u011eLU 1985 y\u0131l\u0131nda dernek hayat\u0131na aktif olarak dahil oldu. \u00d6nde gelen b\u00f6lgesel dernek organizasyonlar\u0131nda \u00f6nemli g\u00f6revlerde bulunmak \u00fczere se\u00e7ildi. Ali GED\u0130KO\u011eLU, bir\u00e7ok platformda yer al\u0131rken, sosyal ve k\u00fclt\u00fcrel faaliyetleri i\u00e7in kamu finansman\u0131yla desteklenen \u00e7e\u015fitli k\u00f6kenlerden g\u00f6\u00e7men derneklerinin i\u015fleyi\u015finden \u00e7ok ilham ald\u0131. O andan itibaren, geleneksel i\u015fleyi\u015fin terk edilmesi ve Frans\u0131z makamlar\u0131yla iyi ili\u015fkilerin s\u00fcrd\u00fcr\u00fclmesi gerekti\u011fi a\u00e7\u0131kt\u0131.<\/p>\r\n<p style=\"text-align: justify;\">Derne\u011fin Gen\u00e7 T\u00fcrkler olarak\u00a0<u>T\u00fcrkiye Cumhuriyeti'nin<\/u>\u00a0kurulu\u015funun \u015fafa\u011f\u0131nda kas\u0131p kavuran\u00a0<u>ayn\u0131 adl\u0131<\/u>\u00a0hareketin olumsuz deneyimiyle hi\u00e7bir ili\u015fkisi yoktur.<\/p>\r\n<p style=\"text-align: justify;\">Bu dernek,\u00a0<u>ayn\u0131 t\u00fcrden<\/u>\u00a0bir dernekler federasyonunun yarat\u0131lmas\u0131n\u0131n k\u00f6keninde olan belirli say\u0131da\u00a0<u>spor sonucu toplad\u0131.<\/u>\u00a0COJEP'in ad\u0131 (Konsey\u00a0<u>Bu federasyon<\/u>\u00a0<u>1993 y\u0131l\u0131nda COJEP (\u00c7ok K\u00fclt\u00fcrl\u00fc<\/u>Gen\u00e7lik Konseyi) Fransa ad\u0131n\u0131 ald\u0131.\u00a0<u>Bu tarihten itibaren<\/u>\u00a0COJEP Fransa'n\u0131n ana faaliyetlerinden biri kamplar ve tatil konaklamalar\u0131 d\u00fczenlemekti. 2002 y\u0131l\u0131na kadar devam eden bu faaliyet, binlerce gencin a\u011f i\u00e7erisinde ge\u00e7i\u015fini sa\u011flad\u0131.<\/p>\r\n<p style=\"text-align: justify;\">1998'de Ali GED\u0130KO\u011eLU, geleneksel topluluk \u00f6rg\u00fctleri i\u00e7indeki i\u015fleyi\u015fiyle ba\u011flar\u0131n\u0131 kesin olarak kopard\u0131 ve Coj\u00e9pien hareketinin tam ba\u011f\u0131ms\u0131zl\u0131\u011f\u0131n\u0131 se\u00e7ti. COJEP'in d\u00f6n\u00fc\u015f\u00fcm\u00fcn\u00fcn arkas\u0131ndaki itici g\u00fc\u00e7 olmaya karar verdi. O zamana kadar kendi i\u00e7ine kapal\u0131 olan COJEP Fransa, \u015feffaf, d\u0131\u015fa a\u00e7\u0131k, siyasi ve toplumsal hareketlerden tamamen ba\u011f\u0131ms\u0131z ve kendi yolunu \u00e7izebilecek bir operasyona ge\u00e7ecekti.<\/p>\r\n<p style=\"text-align: justify;\">Gediko\u011flu, T\u00fcrkiye'den insanlar\u0131n kal\u0131c\u0131 ve kal\u0131c\u0131 olarak Fransa'ya yerle\u015fmeyi tercih etti\u011fini anlad\u0131. Bu g\u00f6zlemini etraf\u0131ndakilerle payla\u015ft\u0131 ve COJEP'in bu yeni durumda \u00f6nemli bir rol oynamas\u0131 gerekti\u011fini ekledi. \u00d6nemli bir yank\u0131 bulan bu fikir, bundan b\u00f6yle Coj\u00e9pien hareketine yeni ufuklar a\u00e7m\u0131\u015ft\u0131r.<\/p>\r\n<p style=\"text-align: justify;\">Demokratik Kat\u0131l\u0131m ve etkin kat\u0131l\u0131m\u0131 s\u0131n\u0131rlayan sonu\u00e7lar\u0131, E\u015fit Haklar, Ayr\u0131mc\u0131l\u0131kla M\u00fccadele ve Vatanda\u015fl\u0131k COJEP'in \u00f6nceli\u011fi haline geldi.<\/p>\r\n<p style=\"text-align: left;\">2003 y\u0131l\u0131nda Ali GED\u0130KO\u011eLU, COJEP International'\u0131n olu\u015fturulmas\u0131 i\u00e7in \u00e7al\u0131\u015ft\u0131.<\/p>\r\n<p style=\"text-align: left;\">2005 y\u0131l\u0131nda ulusal d\u00fczeydeki bu sorumluluklar\u0131n\u0131 yeni olu\u015fturulan B\u00f6lge Koordinasyonlar\u0131na devretti.<\/p>\r\n<p style=\"text-align: left;\">25 y\u0131ld\u0131r hareketin evriminin t\u00fcm a\u015famalar\u0131nda yer alan aktif \u00fcyeler, \u015fimdi Ba\u015fkanl\u0131k Konseyi'ni olu\u015fturuyor.<\/p>\r\n<p style=\"text-align: justify;\">Ayn\u0131 zamanda harekete kat\u0131lan gen\u00e7ler, canl\u0131l\u0131k, enerji ve bilgi birikimi getirmeyi ba\u015fard\u0131lar. Bu sayede hareket hedeflerine daha h\u0131zl\u0131 ilerledi. Herkes Cojep i\u00e7inde inisiyatif alma f\u0131rsat\u0131 buldu. Sosyal, ekonomik, k\u00fclt\u00fcrel veya e\u011fitim gibi \u00e7e\u015fitli ve \u00e7e\u015fitli alanlarda yeni yap\u0131lar ortaya \u00e7\u0131km\u0131\u015ft\u0131r.<\/p>\r\n<p style=\"text-align: left;\">Bat\u0131 Avrupa \u00fclkelerinde iyi demirlemi\u015f olan COJEP, Do\u011fu'ya y\u00f6neldi ve Balkanlar, Kafkaslar, Orta Do\u011fu ve Avrasya'da geli\u015fti.<\/p>\r\n<p style=\"text-align: justify;\">Bu d\u00f6nemden itibaren Cojep uluslararas\u0131 faaliyetlere odakland\u0131. Avrupa Konseyi, BM, Avrupa Parlamentosu, AG\u0130T, UNESCO ile T\u00fcrkiye'de ve Balkanlar'da \u00e7ok say\u0131da faaliyet y\u00fcr\u00fct\u00fclm\u00fc\u015ft\u00fcr.<\/p>\r\n<p style=\"text-align: justify;\">Bu \u00e7al\u0131\u015fma sayesinde COJEP sa\u011flam diplomatik ve uluslararas\u0131 ili\u015fkiler kurdu. COJEP International, Avrupa Konseyi, UNESCO ve Birle\u015fmi\u015f Milletler'de belirli bir stat\u00fc elde etti ve di\u011fer h\u00fck\u00fcmetler aras\u0131 kurumlarla ayr\u0131cal\u0131kl\u0131 ili\u015fkiler s\u00fcrd\u00fcrd\u00fc.<\/p>\r\n<p style=\"text-align: justify;\">Ali GED\u0130KO\u011eLU liderli\u011fi, organizasyon, koordinasyon, y\u00f6netim ve proje \u00f6nerileri kapasitesi ile COJEP'in \u00e7eyrek as\u0131rd\u0131r izledi\u011fi yolu etkiledi. S\u00fcrekli motivasyonu ve her zaman sonu\u00e7 alma arzusu COJEP'in temel \u00f6zellikleri haline geldi.<\/p>\r\n<p style=\"text-align: justify;\">Buna paralel olarak Gediko\u011flu, Fransa T\u00fcrkleri \u00fczerine bir belgeselin y\u00f6netmeni ve yap\u0131mc\u0131s\u0131yd\u0131. T\u00fcrk kanal\u0131 TRT'de haftal\u0131k \u201cFransa G\u00fcnl\u00fcg\u00fc \u2013 Fransa'n\u0131n g\u00fcnl\u00fck gazetesi\u201d ve \u201cMuhabir \u00f6zel \u2013 \u00f6zel muhabir\u201d programlar\u0131n\u0131n yap\u0131mc\u0131l\u0131\u011f\u0131n\u0131 yapt\u0131.<\/p>\r\n<p style=\"text-align: left;\">Ali Gediko\u011flu \u015fu anda COJEP International'\u0131n Ba\u015fkan\u0131d\u0131r.<\/p>\r\n<p style=\"text-align: left;\">Evli ve \u00fc\u00e7 \u00e7ocuk babas\u0131d\u0131r.<\/p>\r\n<p style=\"text-align: left;\"><\/p>\r\n\r\n<\/div>\r\n<\/div>\r\n<\/div>\r\n<\/div>","protected":false},"excerpt":{"rendered":"<p>AL\u0130 GED\u0130KO\u011eLU est n\u00e9 en 1965 \u00e0 Antalya en Turquie. Il s\u2019est install\u00e9 en France \u00e0 partir de 1983. Ali GEDIKOGLU s\u2019est engag\u00e9 activement dans la vie associative en 1985. Il a \u00e9t\u00e9 choisi pour occuper des fonctions importantes au sein d\u2019organisations associatives r\u00e9gionales de premiers plans. Ali GEDIKOGLU a \u00e9t\u00e9 tr\u00e8s inspir\u00e9 par le&hellip; <br \/> <a class=\"read-more\" href=\"https:\/\/cojep.com\/tr\/fondateur\/\">Daha Fazla<\/a><\/p>","protected":false},"author":2,"featured_media":0,"parent":0,"menu_order":0,"comment_status":"closed","ping_status":"closed","template":"pro\/page-templates\/full-width-page.php","meta":{"footnotes":""},"class_list":["post-312","page","type-page","status-publish","hentry"],"yoast_head":"<!-- This site is optimized with the Yoast SEO plugin v27.3 - https:\/\/yoast.com\/product\/yoast-seo-wordpress\/ -->\n<title>FONDATEUR - Cojep International<\/title>\n<meta name=\"robots\" content=\"index, follow, max-snippet:-1, max-image-preview:large, max-video-preview:-1\" \/>\n<link rel=\"canonical\" href=\"https:\/\/cojep.com\/tr\/fondateur\/\" \/>\n<meta property=\"og:locale\" content=\"tr_TR\" \/>\n<meta property=\"og:type\" content=\"article\" \/>\n<meta property=\"og:title\" content=\"FONDATEUR - Cojep International\" \/>\n<meta property=\"og:description\" content=\"AL\u0130 GED\u0130KO\u011eLU est n\u00e9 en 1965 \u00e0 Antalya en Turquie. Il s\u2019est install\u00e9 en France \u00e0 partir de 1983. Ali GEDIKOGLU s\u2019est engag\u00e9 activement dans la vie associative en 1985. Il a \u00e9t\u00e9 choisi pour occuper des fonctions importantes au sein d\u2019organisations associatives r\u00e9gionales de premiers plans. Ali GEDIKOGLU a \u00e9t\u00e9 tr\u00e8s inspir\u00e9 par le&hellip; Read more\" \/>\n<meta property=\"og:url\" content=\"https:\/\/cojep.com\/tr\/fondateur\/\" \/>\n<meta property=\"og:site_name\" content=\"Cojep International\" \/>\n<meta property=\"article:modified_time\" content=\"2022-06-21T23:06:49+00:00\" \/>\n<meta name=\"twitter:card\" content=\"summary_large_image\" \/>\n<meta name=\"twitter:label1\" content=\"Tahmini okuma s\u00fcresi\" \/>\n\t<meta name=\"twitter:data1\" content=\"4 dakika\" \/>\n<script type=\"application\/ld+json\" class=\"yoast-schema-graph\">{\"@context\":\"https:\\\/\\\/schema.org\",\"@graph\":[{\"@type\":\"WebPage\",\"@id\":\"https:\\\/\\\/cojep.com\\\/fondateur\\\/\",\"url\":\"https:\\\/\\\/cojep.com\\\/fondateur\\\/\",\"name\":\"FONDATEUR - Cojep International\",\"isPartOf\":{\"@id\":\"https:\\\/\\\/cojep.com\\\/#website\"},\"datePublished\":\"2017-03-23T01:04:45+00:00\",\"dateModified\":\"2022-06-21T23:06:49+00:00\",\"inLanguage\":\"tr\",\"potentialAction\":[{\"@type\":\"ReadAction\",\"target\":[\"https:\\\/\\\/cojep.com\\\/fondateur\\\/\"]}]},{\"@type\":\"WebSite\",\"@id\":\"https:\\\/\\\/cojep.com\\\/#website\",\"url\":\"https:\\\/\\\/cojep.com\\\/\",\"name\":\"Cojep International\",\"description\":\"Conseil pour la Justice, l&#039;Egalit\u00e9 et la Paix\",\"publisher\":{\"@id\":\"https:\\\/\\\/cojep.com\\\/#organization\"},\"potentialAction\":[{\"@type\":\"SearchAction\",\"target\":{\"@type\":\"EntryPoint\",\"urlTemplate\":\"https:\\\/\\\/cojep.com\\\/?s={search_term_string}\"},\"query-input\":{\"@type\":\"PropertyValueSpecification\",\"valueRequired\":true,\"valueName\":\"search_term_string\"}}],\"inLanguage\":\"tr\"},{\"@type\":\"Organization\",\"@id\":\"https:\\\/\\\/cojep.com\\\/#organization\",\"name\":\"Cojep International\",\"url\":\"https:\\\/\\\/cojep.com\\\/\",\"logo\":{\"@type\":\"ImageObject\",\"inLanguage\":\"tr\",\"@id\":\"https:\\\/\\\/cojep.com\\\/#\\\/schema\\\/logo\\\/image\\\/\",\"url\":\"https:\\\/\\\/cojep.com\\\/wp-content\\\/uploads\\\/2022\\\/05\\\/cropped-cropped-cropped-logo-3.png\",\"contentUrl\":\"https:\\\/\\\/cojep.com\\\/wp-content\\\/uploads\\\/2022\\\/05\\\/cropped-cropped-cropped-logo-3.png\",\"width\":512,\"height\":512,\"caption\":\"Cojep International\"},\"image\":{\"@id\":\"https:\\\/\\\/cojep.com\\\/#\\\/schema\\\/logo\\\/image\\\/\"}}]}<\/script>\n<!-- \/ Yoast SEO plugin. -->","yoast_head_json":{"title":"FONDATEUR - Cojep International","robots":{"index":"index","follow":"follow","max-snippet":"max-snippet:-1","max-image-preview":"max-image-preview:large","max-video-preview":"max-video-preview:-1"},"canonical":"https:\/\/cojep.com\/tr\/fondateur\/","og_locale":"tr_TR","og_type":"article","og_title":"FONDATEUR - Cojep International","og_description":"AL\u0130 GED\u0130KO\u011eLU est n\u00e9 en 1965 \u00e0 Antalya en Turquie. Il s\u2019est install\u00e9 en France \u00e0 partir de 1983. Ali GEDIKOGLU s\u2019est engag\u00e9 activement dans la vie associative en 1985. Il a \u00e9t\u00e9 choisi pour occuper des fonctions importantes au sein d\u2019organisations associatives r\u00e9gionales de premiers plans. Ali GEDIKOGLU a \u00e9t\u00e9 tr\u00e8s inspir\u00e9 par le&hellip; Read more","og_url":"https:\/\/cojep.com\/tr\/fondateur\/","og_site_name":"Cojep International","article_modified_time":"2022-06-21T23:06:49+00:00","twitter_card":"summary_large_image","twitter_misc":{"Tahmini okuma s\u00fcresi":"4 dakika"},"schema":{"@context":"https:\/\/schema.org","@graph":[{"@type":"WebPage","@id":"https:\/\/cojep.com\/fondateur\/","url":"https:\/\/cojep.com\/fondateur\/","name":"FONDATEUR - Cojep International","isPartOf":{"@id":"https:\/\/cojep.com\/#website"},"datePublished":"2017-03-23T01:04:45+00:00","dateModified":"2022-06-21T23:06:49+00:00","inLanguage":"tr","potentialAction":[{"@type":"ReadAction","target":["https:\/\/cojep.com\/fondateur\/"]}]},{"@type":"WebSite","@id":"https:\/\/cojep.com\/#website","url":"https:\/\/cojep.com\/","name":"Cojep International","description":"Adalet, E\u015fitlik ve Bar\u0131\u015f Konseyi","publisher":{"@id":"https:\/\/cojep.com\/#organization"},"potentialAction":[{"@type":"SearchAction","target":{"@type":"EntryPoint","urlTemplate":"https:\/\/cojep.com\/?s={search_term_string}"},"query-input":{"@type":"PropertyValueSpecification","valueRequired":true,"valueName":"search_term_string"}}],"inLanguage":"tr"},{"@type":"Organization","@id":"https:\/\/cojep.com\/#organization","name":"Cojep International","url":"https:\/\/cojep.com\/","logo":{"@type":"ImageObject","inLanguage":"tr","@id":"https:\/\/cojep.com\/#\/schema\/logo\/image\/","url":"https:\/\/cojep.com\/wp-content\/uploads\/2022\/05\/cropped-cropped-cropped-logo-3.png","contentUrl":"https:\/\/cojep.com\/wp-content\/uploads\/2022\/05\/cropped-cropped-cropped-logo-3.png","width":512,"height":512,"caption":"Cojep International"},"image":{"@id":"https:\/\/cojep.com\/#\/schema\/logo\/image\/"}}]}},"_links":{"self":[{"href":"https:\/\/cojep.com\/tr\/wp-json\/wp\/v2\/pages\/312","targetHints":{"allow":["GET"]}}],"collection":[{"href":"https:\/\/cojep.com\/tr\/wp-json\/wp\/v2\/pages"}],"about":[{"href":"https:\/\/cojep.com\/tr\/wp-json\/wp\/v2\/types\/page"}],"author":[{"embeddable":true,"href":"https:\/\/cojep.com\/tr\/wp-json\/wp\/v2\/users\/2"}],"replies":[{"embeddable":true,"href":"https:\/\/cojep.com\/tr\/wp-json\/wp\/v2\/comments?post=312"}],"version-history":[{"count":7,"href":"https:\/\/cojep.com\/tr\/wp-json\/wp\/v2\/pages\/312\/revisions"}],"predecessor-version":[{"id":3938,"href":"https:\/\/cojep.com\/tr\/wp-json\/wp\/v2\/pages\/312\/revisions\/3938"}],"wp:attachment":[{"href":"https:\/\/cojep.com\/tr\/wp-json\/wp\/v2\/media?parent=312"}],"curies":[{"name":"wp","href":"https:\/\/api.w.org\/{rel}","templated":true}]}}