{"id":329,"date":"2017-03-18T03:40:28","date_gmt":"2017-03-18T03:40:28","guid":{"rendered":"https:\/\/cojep.com\/about-us\/"},"modified":"2022-09-02T12:03:55","modified_gmt":"2022-09-02T12:03:55","slug":"about-us","status":"publish","type":"page","link":"https:\/\/cojep.com\/tr\/about-us\/","title":{"rendered":"Our Team"},"content":{"rendered":"<p>Cojep was created in 1985 and has its headquarters today in Strasbourg. Our NGO has consultative status with the Economic and Social Council (ECOSOC) of the United Nations, UNESCO (NGO Liaison Committee), the Council of Europe (Conference of NGOs), the OECD and is accredited by the European Parliament and the OSCE. In addition, we also have coordinations in Asia, Eurasia, Africa, the Middle East, the Balkans and the United States.<\/p>\n<div class='embed-container'><iframe loading=\"lazy\" title=\"COJEP INTERNATIONAL PRESENTATION\" width=\"1440\" height=\"1080\" src=\"https:\/\/www.youtube.com\/embed\/yjhmIBQDAN8?feature=oembed\" frameborder=\"0\" allow=\"accelerometer; autoplay; clipboard-write; encrypted-media; gyroscope; picture-in-picture\" allowfullscreen><\/iframe><\/div>\n<p>We have gained experience and respect over time. Today, Cojep works for humanitarian values. We have demonstrated to civil society and international organizations the importance of our role in development, in strengthening peace, justice, rights, freedoms and democracy. Our association has proven itself in these fields by becoming an accredited and respected organization by the international community.<\/p>\n<p><img loading=\"lazy\" decoding=\"async\" class=\"alignleft size-large wp-image-1766\" src=\"https:\/\/cojep.com\/wp-content\/uploads\/2021\/01\/Equipe-Cojep-international-_Page_2-724x1024.jpg\" alt=\"\" width=\"724\" height=\"1024\" srcset=\"https:\/\/cojep.com\/wp-content\/uploads\/2021\/01\/Equipe-Cojep-international-_Page_2-724x1024.jpg 724w, https:\/\/cojep.com\/wp-content\/uploads\/2021\/01\/Equipe-Cojep-international-_Page_2-212x300.jpg 212w, https:\/\/cojep.com\/wp-content\/uploads\/2021\/01\/Equipe-Cojep-international-_Page_2-768x1086.jpg 768w, https:\/\/cojep.com\/wp-content\/uploads\/2021\/01\/Equipe-Cojep-international-_Page_2-1086x1536.jpg 1086w, https:\/\/cojep.com\/wp-content\/uploads\/2021\/01\/Equipe-Cojep-international-_Page_2.jpg 1249w\" sizes=\"auto, (max-width: 724px) 100vw, 724px\" \/><\/p>\n<p>&nbsp;<\/p>\n<p>&nbsp;<\/p>\n<p>&nbsp;<\/p>\n<p>&nbsp;<\/p>\n<p>&nbsp;<\/p>\n<p>&nbsp;<\/p>\n<p>&nbsp;<\/p>\n<p>&nbsp;<\/p>\n<p>&nbsp;<\/p>\n<p>&nbsp;<\/p>\n<p>&nbsp;<\/p>\n<p>&nbsp;<\/p>\n<p>&nbsp;<\/p>\n<p>&nbsp;<\/p>\n<p>&nbsp;<\/p>\n<p>&nbsp;<\/p>\n<p>&nbsp;<\/p>\n<p>&nbsp;<\/p>\n<p>&nbsp;<\/p>\n<p>&nbsp;<\/p>\n<p>&nbsp;<\/p>\n<p>&nbsp;<\/p>\n<p>&nbsp;<\/p>\n<p>&nbsp;<\/p>\n<p>&nbsp;<\/p>\n<p>&nbsp;<\/p>\n<p>&nbsp;<\/p>\n<p>&nbsp;<\/p>\n<p>&nbsp;<\/p>\n<p>&nbsp;<\/p>\n<p>&nbsp;<\/p>\n<p>&nbsp;<\/p>\n<p>&nbsp;<\/p>\n<p>&nbsp;<\/p>\n<p>&nbsp;<\/p>\n<p>&nbsp;<\/p>\n<p>&nbsp;<\/p>\n<p>&nbsp;<\/p>\n<p>&nbsp;<\/p>\n<p>&nbsp;<\/p>\n<p>&nbsp;<\/p>\n<p>&nbsp;<\/p>\n<p>&nbsp;<\/p>\n<p>&nbsp;<\/p>\n<p>&nbsp;<\/p>\n<p>&nbsp;<\/p>\n<p>&nbsp;<\/p>\n<p>&nbsp;<\/p>\n<p>&nbsp;<\/p>\n<p>&nbsp;<\/p>\n<p>&nbsp;<\/p>\n<p>&nbsp;<\/p>\n<p>&nbsp;<\/p>","protected":false},"excerpt":{"rendered":"<p>Cojep was created in 1985 and has its headquarters today in Strasbourg. Our NGO has consultative status with the Economic and Social Council (ECOSOC) of the United Nations, UNESCO (NGO Liaison Committee), the Council of Europe (Conference of NGOs), the OECD and is accredited by the European Parliament and the OSCE. In addition, we also&hellip; <br \/> <a class=\"read-more\" href=\"https:\/\/cojep.com\/tr\/about-us\/\">Daha Fazla<\/a><\/p>","protected":false},"author":2,"featured_media":0,"parent":0,"menu_order":0,"comment_status":"closed","ping_status":"closed","template":"","meta":{"footnotes":""},"class_list":["post-329","page","type-page","status-publish","hentry"],"yoast_head":"<!-- This site is optimized with the Yoast SEO plugin v27.3 - https:\/\/yoast.com\/product\/yoast-seo-wordpress\/ -->\n<title>Our Team - Cojep International<\/title>\n<meta name=\"robots\" content=\"index, follow, max-snippet:-1, max-image-preview:large, max-video-preview:-1\" \/>\n<link rel=\"canonical\" href=\"https:\/\/cojep.com\/tr\/about-us\/\" \/>\n<meta property=\"og:locale\" content=\"tr_TR\" \/>\n<meta property=\"og:type\" content=\"article\" \/>\n<meta property=\"og:title\" content=\"Our Team - Cojep International\" \/>\n<meta property=\"og:description\" content=\"Cojep was created in 1985 and has its headquarters today in Strasbourg. Our NGO has consultative status with the Economic and Social Council (ECOSOC) of the United Nations, UNESCO (NGO Liaison Committee), the Council of Europe (Conference of NGOs), the OECD and is accredited by the European Parliament and the OSCE. In addition, we also&hellip; Read more\" \/>\n<meta property=\"og:url\" content=\"https:\/\/cojep.com\/tr\/about-us\/\" \/>\n<meta property=\"og:site_name\" content=\"Cojep International\" \/>\n<meta property=\"article:modified_time\" content=\"2022-09-02T12:03:55+00:00\" \/>\n<meta property=\"og:image\" content=\"https:\/\/cojep.com\/wp-content\/uploads\/2021\/01\/Equipe-Cojep-international-_Page_2-724x1024.jpg\" \/>\n<meta name=\"twitter:card\" content=\"summary_large_image\" \/>\n<meta name=\"twitter:label1\" content=\"Tahmini okuma s\u00fcresi\" \/>\n\t<meta name=\"twitter:data1\" content=\"1 dakika\" \/>\n<script type=\"application\/ld+json\" class=\"yoast-schema-graph\">{\"@context\":\"https:\\\/\\\/schema.org\",\"@graph\":[{\"@type\":\"WebPage\",\"@id\":\"https:\\\/\\\/cojep.com\\\/about-us\\\/\",\"url\":\"https:\\\/\\\/cojep.com\\\/about-us\\\/\",\"name\":\"Our Team - Cojep International\",\"isPartOf\":{\"@id\":\"https:\\\/\\\/cojep.com\\\/#website\"},\"primaryImageOfPage\":{\"@id\":\"https:\\\/\\\/cojep.com\\\/about-us\\\/#primaryimage\"},\"image\":{\"@id\":\"https:\\\/\\\/cojep.com\\\/about-us\\\/#primaryimage\"},\"thumbnailUrl\":\"https:\\\/\\\/cojep.com\\\/wp-content\\\/uploads\\\/2021\\\/01\\\/Equipe-Cojep-international-_Page_2-724x1024.jpg\",\"datePublished\":\"2017-03-18T03:40:28+00:00\",\"dateModified\":\"2022-09-02T12:03:55+00:00\",\"inLanguage\":\"tr\",\"potentialAction\":[{\"@type\":\"ReadAction\",\"target\":[\"https:\\\/\\\/cojep.com\\\/about-us\\\/\"]}]},{\"@type\":\"ImageObject\",\"inLanguage\":\"tr\",\"@id\":\"https:\\\/\\\/cojep.com\\\/about-us\\\/#primaryimage\",\"url\":\"https:\\\/\\\/cojep.com\\\/wp-content\\\/uploads\\\/2021\\\/01\\\/Equipe-Cojep-international-_Page_2-724x1024.jpg\",\"contentUrl\":\"https:\\\/\\\/cojep.com\\\/wp-content\\\/uploads\\\/2021\\\/01\\\/Equipe-Cojep-international-_Page_2-724x1024.jpg\"},{\"@type\":\"WebSite\",\"@id\":\"https:\\\/\\\/cojep.com\\\/#website\",\"url\":\"https:\\\/\\\/cojep.com\\\/\",\"name\":\"Cojep International\",\"description\":\"Conseil pour la Justice, l&#039;Egalit\u00e9 et la Paix\",\"publisher\":{\"@id\":\"https:\\\/\\\/cojep.com\\\/#organization\"},\"potentialAction\":[{\"@type\":\"SearchAction\",\"target\":{\"@type\":\"EntryPoint\",\"urlTemplate\":\"https:\\\/\\\/cojep.com\\\/?s={search_term_string}\"},\"query-input\":{\"@type\":\"PropertyValueSpecification\",\"valueRequired\":true,\"valueName\":\"search_term_string\"}}],\"inLanguage\":\"tr\"},{\"@type\":\"Organization\",\"@id\":\"https:\\\/\\\/cojep.com\\\/#organization\",\"name\":\"Cojep International\",\"url\":\"https:\\\/\\\/cojep.com\\\/\",\"logo\":{\"@type\":\"ImageObject\",\"inLanguage\":\"tr\",\"@id\":\"https:\\\/\\\/cojep.com\\\/#\\\/schema\\\/logo\\\/image\\\/\",\"url\":\"https:\\\/\\\/cojep.com\\\/wp-content\\\/uploads\\\/2022\\\/05\\\/cropped-cropped-cropped-logo-3.png\",\"contentUrl\":\"https:\\\/\\\/cojep.com\\\/wp-content\\\/uploads\\\/2022\\\/05\\\/cropped-cropped-cropped-logo-3.png\",\"width\":512,\"height\":512,\"caption\":\"Cojep International\"},\"image\":{\"@id\":\"https:\\\/\\\/cojep.com\\\/#\\\/schema\\\/logo\\\/image\\\/\"}}]}<\/script>\n<!-- \/ Yoast SEO plugin. -->","yoast_head_json":{"title":"Our Team - Cojep International","robots":{"index":"index","follow":"follow","max-snippet":"max-snippet:-1","max-image-preview":"max-image-preview:large","max-video-preview":"max-video-preview:-1"},"canonical":"https:\/\/cojep.com\/tr\/about-us\/","og_locale":"tr_TR","og_type":"article","og_title":"Our Team - Cojep International","og_description":"Cojep was created in 1985 and has its headquarters today in Strasbourg. Our NGO has consultative status with the Economic and Social Council (ECOSOC) of the United Nations, UNESCO (NGO Liaison Committee), the Council of Europe (Conference of NGOs), the OECD and is accredited by the European Parliament and the OSCE. In addition, we also&hellip; Read more","og_url":"https:\/\/cojep.com\/tr\/about-us\/","og_site_name":"Cojep International","article_modified_time":"2022-09-02T12:03:55+00:00","og_image":[{"url":"https:\/\/cojep.com\/wp-content\/uploads\/2021\/01\/Equipe-Cojep-international-_Page_2-724x1024.jpg","type":"","width":"","height":""}],"twitter_card":"summary_large_image","twitter_misc":{"Tahmini okuma s\u00fcresi":"1 dakika"},"schema":{"@context":"https:\/\/schema.org","@graph":[{"@type":"WebPage","@id":"https:\/\/cojep.com\/about-us\/","url":"https:\/\/cojep.com\/about-us\/","name":"Our Team - Cojep International","isPartOf":{"@id":"https:\/\/cojep.com\/#website"},"primaryImageOfPage":{"@id":"https:\/\/cojep.com\/about-us\/#primaryimage"},"image":{"@id":"https:\/\/cojep.com\/about-us\/#primaryimage"},"thumbnailUrl":"https:\/\/cojep.com\/wp-content\/uploads\/2021\/01\/Equipe-Cojep-international-_Page_2-724x1024.jpg","datePublished":"2017-03-18T03:40:28+00:00","dateModified":"2022-09-02T12:03:55+00:00","inLanguage":"tr","potentialAction":[{"@type":"ReadAction","target":["https:\/\/cojep.com\/about-us\/"]}]},{"@type":"ImageObject","inLanguage":"tr","@id":"https:\/\/cojep.com\/about-us\/#primaryimage","url":"https:\/\/cojep.com\/wp-content\/uploads\/2021\/01\/Equipe-Cojep-international-_Page_2-724x1024.jpg","contentUrl":"https:\/\/cojep.com\/wp-content\/uploads\/2021\/01\/Equipe-Cojep-international-_Page_2-724x1024.jpg"},{"@type":"WebSite","@id":"https:\/\/cojep.com\/#website","url":"https:\/\/cojep.com\/","name":"Cojep International","description":"Adalet, E\u015fitlik ve Bar\u0131\u015f Konseyi","publisher":{"@id":"https:\/\/cojep.com\/#organization"},"potentialAction":[{"@type":"SearchAction","target":{"@type":"EntryPoint","urlTemplate":"https:\/\/cojep.com\/?s={search_term_string}"},"query-input":{"@type":"PropertyValueSpecification","valueRequired":true,"valueName":"search_term_string"}}],"inLanguage":"tr"},{"@type":"Organization","@id":"https:\/\/cojep.com\/#organization","name":"Cojep International","url":"https:\/\/cojep.com\/","logo":{"@type":"ImageObject","inLanguage":"tr","@id":"https:\/\/cojep.com\/#\/schema\/logo\/image\/","url":"https:\/\/cojep.com\/wp-content\/uploads\/2022\/05\/cropped-cropped-cropped-logo-3.png","contentUrl":"https:\/\/cojep.com\/wp-content\/uploads\/2022\/05\/cropped-cropped-cropped-logo-3.png","width":512,"height":512,"caption":"Cojep International"},"image":{"@id":"https:\/\/cojep.com\/#\/schema\/logo\/image\/"}}]}},"_links":{"self":[{"href":"https:\/\/cojep.com\/tr\/wp-json\/wp\/v2\/pages\/329","targetHints":{"allow":["GET"]}}],"collection":[{"href":"https:\/\/cojep.com\/tr\/wp-json\/wp\/v2\/pages"}],"about":[{"href":"https:\/\/cojep.com\/tr\/wp-json\/wp\/v2\/types\/page"}],"author":[{"embeddable":true,"href":"https:\/\/cojep.com\/tr\/wp-json\/wp\/v2\/users\/2"}],"replies":[{"embeddable":true,"href":"https:\/\/cojep.com\/tr\/wp-json\/wp\/v2\/comments?post=329"}],"version-history":[{"count":1,"href":"https:\/\/cojep.com\/tr\/wp-json\/wp\/v2\/pages\/329\/revisions"}],"predecessor-version":[{"id":4131,"href":"https:\/\/cojep.com\/tr\/wp-json\/wp\/v2\/pages\/329\/revisions\/4131"}],"wp:attachment":[{"href":"https:\/\/cojep.com\/tr\/wp-json\/wp\/v2\/media?parent=329"}],"curies":[{"name":"wp","href":"https:\/\/api.w.org\/{rel}","templated":true}]}}