{"id":3661,"date":"2022-06-08T10:54:02","date_gmt":"2022-06-08T10:54:02","guid":{"rendered":"https:\/\/cojep.com\/?page_id=3661"},"modified":"2022-06-08T11:03:59","modified_gmt":"2022-06-08T11:03:59","slug":"category-cojep-bulletin-le-cojep-diplomatique-bulletin-diplomatique-du-cojep","status":"publish","type":"page","link":"https:\/\/cojep.com\/tr\/accueil_fr\/category-cojep-bulletin-le-cojep-diplomatique-bulletin-diplomatique-du-cojep\/","title":{"rendered":"COJEP Diplomatik B\u00fclteni"},"content":{"rendered":"<div data-label=\"Content\" data-id=\"content--1\" data-export-id=\"content-7-mc\" data-category=\"content\" class=\"content-7-mc content-section content-section-spacing\" id=\"content-1\"  style=\"background-color: rgb(245, 250, 253);\"><div class=\"gridContainer\" > <div class=\"row middle-sm\" ><div class=\"col-sm-6 space-bottom-xs\" data-type=\"column\" ><div data-editable=\"true\" data-name=\"ope-custom-content-shortcode\" data-content-shortcode=\"wpforms id=&quot;3648&quot;\" class=\"\" ><div class=\"wpforms-container wpforms-container-full\" id=\"wpforms-3648\"><form id=\"wpforms-form-3648\" class=\"wpforms-validate wpforms-form wpforms-ajax-form\" data-formid=\"3648\" method=\"post\" enctype=\"multipart\/form-data\" action=\"\/tr\/wp-json\/wp\/v2\/pages\/3661\" data-token=\"b16d19b257f45d0617766a61ac1fa017\" data-token-time=\"1777713471\"><noscript class=\"wpforms-error-noscript\">Bu formu bitirebilmek i\u00e7in taray\u0131c\u0131n\u0131zda JavaScript&#039;i etkinle\u015ftirin.<\/noscript><div class=\"wpforms-field-container\"><div id=\"wpforms-3648-field_1-container\" class=\"wpforms-field wpforms-field-name\" data-field-id=\"1\"><label class=\"wpforms-field-label\">Name <span class=\"wpforms-required-label\">*<\/span><\/label><div class=\"wpforms-field-row wpforms-field-medium\"><div class=\"wpforms-field-row-block wpforms-first wpforms-one-half\"><input type=\"text\" id=\"wpforms-3648-field_1\" class=\"wpforms-field-name-first wpforms-field-required\" name=\"wpforms[fields][1][first]\" required><label for=\"wpforms-3648-field_1\" class=\"wpforms-field-sublabel after\">Ad<\/label><\/div><div class=\"wpforms-field-row-block wpforms-one-half\"><input type=\"text\" id=\"wpforms-3648-field_1-last\" class=\"wpforms-field-name-last wpforms-field-required\" name=\"wpforms[fields][1][last]\" required><label for=\"wpforms-3648-field_1-last\" class=\"wpforms-field-sublabel after\">Soyad<\/label><\/div><\/div><\/div><div id=\"wpforms-3648-field_2-container\" class=\"wpforms-field wpforms-field-email\" data-field-id=\"2\"><label class=\"wpforms-field-label\" for=\"wpforms-3648-field_2\">Email <span class=\"wpforms-required-label\">*<\/span><\/label><input type=\"email\" id=\"wpforms-3648-field_2\" class=\"wpforms-field-medium wpforms-field-required\" name=\"wpforms[fields][2]\" spellcheck=\"false\" required><\/div><\/div><!-- .wpforms-field-container --><div class=\"wpforms-submit-container\" ><input type=\"hidden\" name=\"wpforms[id]\" value=\"3648\"><input type=\"hidden\" name=\"page_title\" value=\"\"><input type=\"hidden\" name=\"page_url\" value=\"https:\/\/cojep.com\/tr\/wp-json\/wp\/v2\/pages\/3661\"><input type=\"hidden\" name=\"url_referer\" value=\"\"><button type=\"submit\" name=\"wpforms[submit]\" id=\"wpforms-submit-3648\" class=\"wpforms-submit\" data-alt-text=\"Sending...\" data-submit-text=\"Submit\" aria-live=\"assertive\" value=\"wpforms-submit\">Submit<\/button><img loading=\"lazy\" decoding=\"async\" src=\"https:\/\/cojep.com\/wp-content\/plugins\/wpforms-lite\/assets\/images\/submit-spin.svg\" class=\"wpforms-submit-spinner\" style=\"display: none;\" width=\"26\" height=\"26\" alt=\"Y\u00fckleniyor\"><\/div><\/form><\/div>  <!-- .wpforms-container --><\/div>   <\/div> <div class=\"col-sm-6\" data-type=\"column\" ><div data-editable=\"true\" data-name=\"ope-widgets-area\" data-content-shortcode=\"mesmerize_display_widgets_area id=&quot;mesmerize_users_custom_widgets_areas_1&quot; \" class=\"\" ><div data-name=\"mesmerize-widgets-area\"><div id=\"block-19\" class=\"widget widget_block\">\n<figure class=\"wp-block-embed is-type-rich is-provider-twitter wp-block-embed-twitter\"><div class=\"wp-block-embed__wrapper\">\n<div class='embed-container'><a class=\"twitter-timeline\" data-width=\"1200\" data-height=\"1080\" data-dnt=\"true\" href=\"https:\/\/twitter.com\/Cojep_inter?ref_src=twsrc%5Etfw\">Tweets by Cojep_inter<\/a><script async src=\"https:\/\/platform.twitter.com\/widgets.js\" charset=\"utf-8\"><\/script><\/div>\n<\/div><\/figure>\n<\/div><\/div><\/div> <\/div> <\/div><\/div> <\/div>","protected":false},"excerpt":{"rendered":"","protected":false},"author":8,"featured_media":0,"parent":1034,"menu_order":0,"comment_status":"closed","ping_status":"closed","template":"pro\/page-templates\/full-width-page.php","meta":{"footnotes":""},"class_list":["post-3661","page","type-page","status-publish","hentry"],"yoast_head":"<!-- This site is optimized with the Yoast SEO plugin v27.3 - https:\/\/yoast.com\/product\/yoast-seo-wordpress\/ -->\n<title>Bulletin diplomatique du Cojep - Cojep International<\/title>\n<meta name=\"robots\" content=\"index, follow, max-snippet:-1, max-image-preview:large, max-video-preview:-1\" \/>\n<link rel=\"canonical\" href=\"https:\/\/cojep.com\/tr\/accueil_fr\/category-cojep-bulletin-le-cojep-diplomatique-bulletin-diplomatique-du-cojep\/\" \/>\n<meta property=\"og:locale\" content=\"tr_TR\" \/>\n<meta property=\"og:type\" content=\"article\" \/>\n<meta property=\"og:title\" content=\"Bulletin diplomatique du Cojep - Cojep International\" \/>\n<meta property=\"og:url\" content=\"https:\/\/cojep.com\/tr\/accueil_fr\/category-cojep-bulletin-le-cojep-diplomatique-bulletin-diplomatique-du-cojep\/\" \/>\n<meta property=\"og:site_name\" content=\"Cojep International\" \/>\n<meta property=\"article:modified_time\" content=\"2022-06-08T11:03:59+00:00\" \/>\n<meta name=\"twitter:card\" content=\"summary_large_image\" \/>\n<meta name=\"twitter:label1\" content=\"Tahmini okuma s\u00fcresi\" \/>\n\t<meta name=\"twitter:data1\" content=\"1 dakika\" \/>\n<script type=\"application\/ld+json\" class=\"yoast-schema-graph\">{\"@context\":\"https:\\\/\\\/schema.org\",\"@graph\":[{\"@type\":\"WebPage\",\"@id\":\"https:\\\/\\\/cojep.com\\\/tr\\\/accueil_fr\\\/category-cojep-bulletin-le-cojep-diplomatique-bulletin-diplomatique-du-cojep\\\/\",\"url\":\"https:\\\/\\\/cojep.com\\\/tr\\\/accueil_fr\\\/category-cojep-bulletin-le-cojep-diplomatique-bulletin-diplomatique-du-cojep\\\/\",\"name\":\"Bulletin diplomatique du Cojep - Cojep International\",\"isPartOf\":{\"@id\":\"https:\\\/\\\/cojep.com\\\/#website\"},\"datePublished\":\"2022-06-08T10:54:02+00:00\",\"dateModified\":\"2022-06-08T11:03:59+00:00\",\"breadcrumb\":{\"@id\":\"https:\\\/\\\/cojep.com\\\/tr\\\/accueil_fr\\\/category-cojep-bulletin-le-cojep-diplomatique-bulletin-diplomatique-du-cojep\\\/#breadcrumb\"},\"inLanguage\":\"tr\",\"potentialAction\":[{\"@type\":\"ReadAction\",\"target\":[\"https:\\\/\\\/cojep.com\\\/tr\\\/accueil_fr\\\/category-cojep-bulletin-le-cojep-diplomatique-bulletin-diplomatique-du-cojep\\\/\"]}]},{\"@type\":\"BreadcrumbList\",\"@id\":\"https:\\\/\\\/cojep.com\\\/tr\\\/accueil_fr\\\/category-cojep-bulletin-le-cojep-diplomatique-bulletin-diplomatique-du-cojep\\\/#breadcrumb\",\"itemListElement\":[{\"@type\":\"ListItem\",\"position\":1,\"name\":\"Accueil\",\"item\":\"https:\\\/\\\/cojep.com\\\/tr\\\/accueil_fr\\\/\"},{\"@type\":\"ListItem\",\"position\":2,\"name\":\"Bulletin diplomatique du Cojep\"}]},{\"@type\":\"WebSite\",\"@id\":\"https:\\\/\\\/cojep.com\\\/#website\",\"url\":\"https:\\\/\\\/cojep.com\\\/\",\"name\":\"Cojep International\",\"description\":\"Conseil pour la Justice, l&#039;Egalit\u00e9 et la Paix\",\"publisher\":{\"@id\":\"https:\\\/\\\/cojep.com\\\/#organization\"},\"potentialAction\":[{\"@type\":\"SearchAction\",\"target\":{\"@type\":\"EntryPoint\",\"urlTemplate\":\"https:\\\/\\\/cojep.com\\\/?s={search_term_string}\"},\"query-input\":{\"@type\":\"PropertyValueSpecification\",\"valueRequired\":true,\"valueName\":\"search_term_string\"}}],\"inLanguage\":\"tr\"},{\"@type\":\"Organization\",\"@id\":\"https:\\\/\\\/cojep.com\\\/#organization\",\"name\":\"Cojep International\",\"url\":\"https:\\\/\\\/cojep.com\\\/\",\"logo\":{\"@type\":\"ImageObject\",\"inLanguage\":\"tr\",\"@id\":\"https:\\\/\\\/cojep.com\\\/#\\\/schema\\\/logo\\\/image\\\/\",\"url\":\"https:\\\/\\\/cojep.com\\\/wp-content\\\/uploads\\\/2022\\\/05\\\/cropped-cropped-cropped-logo-3.png\",\"contentUrl\":\"https:\\\/\\\/cojep.com\\\/wp-content\\\/uploads\\\/2022\\\/05\\\/cropped-cropped-cropped-logo-3.png\",\"width\":512,\"height\":512,\"caption\":\"Cojep International\"},\"image\":{\"@id\":\"https:\\\/\\\/cojep.com\\\/#\\\/schema\\\/logo\\\/image\\\/\"}}]}<\/script>\n<!-- \/ Yoast SEO plugin. -->","yoast_head_json":{"title":"Bulletin diplomatique du Cojep - Cojep International","robots":{"index":"index","follow":"follow","max-snippet":"max-snippet:-1","max-image-preview":"max-image-preview:large","max-video-preview":"max-video-preview:-1"},"canonical":"https:\/\/cojep.com\/tr\/accueil_fr\/category-cojep-bulletin-le-cojep-diplomatique-bulletin-diplomatique-du-cojep\/","og_locale":"tr_TR","og_type":"article","og_title":"Bulletin diplomatique du Cojep - Cojep International","og_url":"https:\/\/cojep.com\/tr\/accueil_fr\/category-cojep-bulletin-le-cojep-diplomatique-bulletin-diplomatique-du-cojep\/","og_site_name":"Cojep International","article_modified_time":"2022-06-08T11:03:59+00:00","twitter_card":"summary_large_image","twitter_misc":{"Tahmini okuma s\u00fcresi":"1 dakika"},"schema":{"@context":"https:\/\/schema.org","@graph":[{"@type":"WebPage","@id":"https:\/\/cojep.com\/tr\/accueil_fr\/category-cojep-bulletin-le-cojep-diplomatique-bulletin-diplomatique-du-cojep\/","url":"https:\/\/cojep.com\/tr\/accueil_fr\/category-cojep-bulletin-le-cojep-diplomatique-bulletin-diplomatique-du-cojep\/","name":"Bulletin diplomatique du Cojep - Cojep International","isPartOf":{"@id":"https:\/\/cojep.com\/#website"},"datePublished":"2022-06-08T10:54:02+00:00","dateModified":"2022-06-08T11:03:59+00:00","breadcrumb":{"@id":"https:\/\/cojep.com\/tr\/accueil_fr\/category-cojep-bulletin-le-cojep-diplomatique-bulletin-diplomatique-du-cojep\/#breadcrumb"},"inLanguage":"tr","potentialAction":[{"@type":"ReadAction","target":["https:\/\/cojep.com\/tr\/accueil_fr\/category-cojep-bulletin-le-cojep-diplomatique-bulletin-diplomatique-du-cojep\/"]}]},{"@type":"BreadcrumbList","@id":"https:\/\/cojep.com\/tr\/accueil_fr\/category-cojep-bulletin-le-cojep-diplomatique-bulletin-diplomatique-du-cojep\/#breadcrumb","itemListElement":[{"@type":"ListItem","position":1,"name":"Accueil","item":"https:\/\/cojep.com\/tr\/accueil_fr\/"},{"@type":"ListItem","position":2,"name":"Bulletin diplomatique du Cojep"}]},{"@type":"WebSite","@id":"https:\/\/cojep.com\/#website","url":"https:\/\/cojep.com\/","name":"Cojep International","description":"Adalet, E\u015fitlik ve Bar\u0131\u015f Konseyi","publisher":{"@id":"https:\/\/cojep.com\/#organization"},"potentialAction":[{"@type":"SearchAction","target":{"@type":"EntryPoint","urlTemplate":"https:\/\/cojep.com\/?s={search_term_string}"},"query-input":{"@type":"PropertyValueSpecification","valueRequired":true,"valueName":"search_term_string"}}],"inLanguage":"tr"},{"@type":"Organization","@id":"https:\/\/cojep.com\/#organization","name":"Cojep International","url":"https:\/\/cojep.com\/","logo":{"@type":"ImageObject","inLanguage":"tr","@id":"https:\/\/cojep.com\/#\/schema\/logo\/image\/","url":"https:\/\/cojep.com\/wp-content\/uploads\/2022\/05\/cropped-cropped-cropped-logo-3.png","contentUrl":"https:\/\/cojep.com\/wp-content\/uploads\/2022\/05\/cropped-cropped-cropped-logo-3.png","width":512,"height":512,"caption":"Cojep International"},"image":{"@id":"https:\/\/cojep.com\/#\/schema\/logo\/image\/"}}]}},"_links":{"self":[{"href":"https:\/\/cojep.com\/tr\/wp-json\/wp\/v2\/pages\/3661","targetHints":{"allow":["GET"]}}],"collection":[{"href":"https:\/\/cojep.com\/tr\/wp-json\/wp\/v2\/pages"}],"about":[{"href":"https:\/\/cojep.com\/tr\/wp-json\/wp\/v2\/types\/page"}],"author":[{"embeddable":true,"href":"https:\/\/cojep.com\/tr\/wp-json\/wp\/v2\/users\/8"}],"replies":[{"embeddable":true,"href":"https:\/\/cojep.com\/tr\/wp-json\/wp\/v2\/comments?post=3661"}],"version-history":[{"count":5,"href":"https:\/\/cojep.com\/tr\/wp-json\/wp\/v2\/pages\/3661\/revisions"}],"predecessor-version":[{"id":3670,"href":"https:\/\/cojep.com\/tr\/wp-json\/wp\/v2\/pages\/3661\/revisions\/3670"}],"up":[{"embeddable":true,"href":"https:\/\/cojep.com\/tr\/wp-json\/wp\/v2\/pages\/1034"}],"wp:attachment":[{"href":"https:\/\/cojep.com\/tr\/wp-json\/wp\/v2\/media?parent=3661"}],"curies":[{"name":"wp","href":"https:\/\/api.w.org\/{rel}","templated":true}]}}