{"id":3900,"date":"2022-06-19T19:55:57","date_gmt":"2022-06-19T19:55:57","guid":{"rendered":"https:\/\/cojep.com\/newsletter\/"},"modified":"2022-06-19T19:55:57","modified_gmt":"2022-06-19T19:55:57","slug":"newsletter","status":"publish","type":"page","link":"https:\/\/cojep.com\/tr\/newsletter\/","title":{"rendered":"Newsletter"},"content":{"rendered":"<div class=\"tnp tnp-subscription\">\n<form method=\"post\" action=\"https:\/\/cojep.com\/wp-admin\/admin-ajax.php?action=tnp&amp;na=s\">\n<input type=\"hidden\" name=\"nlang\" value=\"\">\n<div class=\"tnp-field tnp-field-firstname\"><label for=\"tnp-1\">Pr\u00e9nom ou nom complet<\/label>\n<input class=\"tnp-name\" type=\"text\" name=\"nn\" id=\"tnp-1\" value=\"\" placeholder=\"\"><\/div>\n<div class=\"tnp-field tnp-field-email\"><label for=\"tnp-2\">Email<\/label>\n<input class=\"tnp-email\" type=\"email\" name=\"ne\" id=\"tnp-2\" value=\"\" placeholder=\"\" required><\/div>\n<div class=\"tnp-field tnp-privacy-field\"><label><input type=\"checkbox\" name=\"ny\" required class=\"tnp-privacy\"> En continuant, vous acceptez la politique de confidentialit\u00e9<\/label><\/div><div class=\"tnp-field tnp-field-button\" style=\"text-align: left\"><input class=\"tnp-submit\" type=\"submit\" value=\"S&#039;abonner\" style=\"\">\n<\/div>\n<\/form>\n<\/div>","protected":false},"excerpt":{"rendered":"","protected":false},"author":8,"featured_media":0,"parent":0,"menu_order":0,"comment_status":"closed","ping_status":"closed","template":"","meta":{"footnotes":""},"class_list":["post-3900","page","type-page","status-publish","hentry"],"yoast_head":"<!-- This site is optimized with the Yoast SEO plugin v27.3 - https:\/\/yoast.com\/product\/yoast-seo-wordpress\/ -->\n<title>Newsletter - Cojep International<\/title>\n<meta name=\"robots\" content=\"index, follow, max-snippet:-1, max-image-preview:large, max-video-preview:-1\" \/>\n<link rel=\"canonical\" href=\"https:\/\/cojep.com\/tr\/newsletter\/\" \/>\n<meta property=\"og:locale\" content=\"tr_TR\" \/>\n<meta property=\"og:type\" content=\"article\" \/>\n<meta property=\"og:title\" content=\"Newsletter - Cojep International\" \/>\n<meta property=\"og:url\" content=\"https:\/\/cojep.com\/tr\/newsletter\/\" \/>\n<meta property=\"og:site_name\" content=\"Cojep International\" \/>\n<meta name=\"twitter:card\" content=\"summary_large_image\" \/>\n<script type=\"application\/ld+json\" class=\"yoast-schema-graph\">{\"@context\":\"https:\\\/\\\/schema.org\",\"@graph\":[{\"@type\":\"WebPage\",\"@id\":\"https:\\\/\\\/cojep.com\\\/newsletter\\\/\",\"url\":\"https:\\\/\\\/cojep.com\\\/newsletter\\\/\",\"name\":\"Newsletter - Cojep International\",\"isPartOf\":{\"@id\":\"https:\\\/\\\/cojep.com\\\/#website\"},\"datePublished\":\"2022-06-19T19:55:57+00:00\",\"inLanguage\":\"tr\",\"potentialAction\":[{\"@type\":\"ReadAction\",\"target\":[\"https:\\\/\\\/cojep.com\\\/newsletter\\\/\"]}]},{\"@type\":\"WebSite\",\"@id\":\"https:\\\/\\\/cojep.com\\\/#website\",\"url\":\"https:\\\/\\\/cojep.com\\\/\",\"name\":\"Cojep International\",\"description\":\"Conseil pour la Justice, l&#039;Egalit\u00e9 et la Paix\",\"publisher\":{\"@id\":\"https:\\\/\\\/cojep.com\\\/#organization\"},\"potentialAction\":[{\"@type\":\"SearchAction\",\"target\":{\"@type\":\"EntryPoint\",\"urlTemplate\":\"https:\\\/\\\/cojep.com\\\/?s={search_term_string}\"},\"query-input\":{\"@type\":\"PropertyValueSpecification\",\"valueRequired\":true,\"valueName\":\"search_term_string\"}}],\"inLanguage\":\"tr\"},{\"@type\":\"Organization\",\"@id\":\"https:\\\/\\\/cojep.com\\\/#organization\",\"name\":\"Cojep International\",\"url\":\"https:\\\/\\\/cojep.com\\\/\",\"logo\":{\"@type\":\"ImageObject\",\"inLanguage\":\"tr\",\"@id\":\"https:\\\/\\\/cojep.com\\\/#\\\/schema\\\/logo\\\/image\\\/\",\"url\":\"https:\\\/\\\/cojep.com\\\/wp-content\\\/uploads\\\/2022\\\/05\\\/cropped-cropped-cropped-logo-3.png\",\"contentUrl\":\"https:\\\/\\\/cojep.com\\\/wp-content\\\/uploads\\\/2022\\\/05\\\/cropped-cropped-cropped-logo-3.png\",\"width\":512,\"height\":512,\"caption\":\"Cojep International\"},\"image\":{\"@id\":\"https:\\\/\\\/cojep.com\\\/#\\\/schema\\\/logo\\\/image\\\/\"}}]}<\/script>\n<!-- \/ Yoast SEO plugin. -->","yoast_head_json":{"title":"Newsletter - Cojep International","robots":{"index":"index","follow":"follow","max-snippet":"max-snippet:-1","max-image-preview":"max-image-preview:large","max-video-preview":"max-video-preview:-1"},"canonical":"https:\/\/cojep.com\/tr\/newsletter\/","og_locale":"tr_TR","og_type":"article","og_title":"Newsletter - Cojep International","og_url":"https:\/\/cojep.com\/tr\/newsletter\/","og_site_name":"Cojep International","twitter_card":"summary_large_image","schema":{"@context":"https:\/\/schema.org","@graph":[{"@type":"WebPage","@id":"https:\/\/cojep.com\/newsletter\/","url":"https:\/\/cojep.com\/newsletter\/","name":"Newsletter - Cojep International","isPartOf":{"@id":"https:\/\/cojep.com\/#website"},"datePublished":"2022-06-19T19:55:57+00:00","inLanguage":"tr","potentialAction":[{"@type":"ReadAction","target":["https:\/\/cojep.com\/newsletter\/"]}]},{"@type":"WebSite","@id":"https:\/\/cojep.com\/#website","url":"https:\/\/cojep.com\/","name":"Cojep International","description":"Adalet, E\u015fitlik ve Bar\u0131\u015f Konseyi","publisher":{"@id":"https:\/\/cojep.com\/#organization"},"potentialAction":[{"@type":"SearchAction","target":{"@type":"EntryPoint","urlTemplate":"https:\/\/cojep.com\/?s={search_term_string}"},"query-input":{"@type":"PropertyValueSpecification","valueRequired":true,"valueName":"search_term_string"}}],"inLanguage":"tr"},{"@type":"Organization","@id":"https:\/\/cojep.com\/#organization","name":"Cojep International","url":"https:\/\/cojep.com\/","logo":{"@type":"ImageObject","inLanguage":"tr","@id":"https:\/\/cojep.com\/#\/schema\/logo\/image\/","url":"https:\/\/cojep.com\/wp-content\/uploads\/2022\/05\/cropped-cropped-cropped-logo-3.png","contentUrl":"https:\/\/cojep.com\/wp-content\/uploads\/2022\/05\/cropped-cropped-cropped-logo-3.png","width":512,"height":512,"caption":"Cojep International"},"image":{"@id":"https:\/\/cojep.com\/#\/schema\/logo\/image\/"}}]}},"_links":{"self":[{"href":"https:\/\/cojep.com\/tr\/wp-json\/wp\/v2\/pages\/3900","targetHints":{"allow":["GET"]}}],"collection":[{"href":"https:\/\/cojep.com\/tr\/wp-json\/wp\/v2\/pages"}],"about":[{"href":"https:\/\/cojep.com\/tr\/wp-json\/wp\/v2\/types\/page"}],"author":[{"embeddable":true,"href":"https:\/\/cojep.com\/tr\/wp-json\/wp\/v2\/users\/8"}],"replies":[{"embeddable":true,"href":"https:\/\/cojep.com\/tr\/wp-json\/wp\/v2\/comments?post=3900"}],"version-history":[{"count":0,"href":"https:\/\/cojep.com\/tr\/wp-json\/wp\/v2\/pages\/3900\/revisions"}],"wp:attachment":[{"href":"https:\/\/cojep.com\/tr\/wp-json\/wp\/v2\/media?parent=3900"}],"curies":[{"name":"wp","href":"https:\/\/api.w.org\/{rel}","templated":true}]}}